{"id":122,"date":"2025-06-16T16:42:12","date_gmt":"2025-06-16T20:42:12","guid":{"rendered":"https:\/\/dsohnr.ca\/?page_id=122"},"modified":"2025-11-07T15:35:03","modified_gmt":"2025-11-07T20:35:03","slug":"code-of-conduct","status":"publish","type":"page","link":"https:\/\/dsohnr.ca\/fr\/code-of-conduct\/","title":{"rendered":"Code of Conduct\u00a0"},"content":{"rendered":"<div class=\"alignfull wp-block-container has-background has-white-background-color\" id=\"\">\r\n\r\n<div class=\"container\">\r\n  <div class=\"acf-innerblocks-container\">\n<div class=\"alignfull wp-block-container has-background has-white-background-color\" id=\"\">\r\n\r\n<div class=\"container\">\r\n  <div class=\"acf-innerblocks-container\">\n\n<p class=\"has-3-xl-font-size\"><strong>Our Commitment to Equity, Diversity and Inclusion (EDI)<\/strong>&nbsp;<\/p>\n\n\n\n<p>Contact Hamilton welcomes you.\u202f Here, you are safe.\u202f We will listen and learn from you.\u202f&nbsp;<\/p>\n\n\n\n<p>We promise you respect and understanding.&nbsp;<\/p>\n\n\n\n<p>We know that many people we work with experience ongoing injustices.&nbsp;<\/p>\n\n\n\n<p>We are actively learning about racism and the ways it impacts people.\u202f&nbsp;<\/p>\n\n\n\n<p>We value when you let us know how we are doing.&nbsp;<\/p>\n\n\n\n<p><a href=\"https:\/\/contacthamilton.ca\/app\/uploads\/2025\/11\/OC-00-53_EDI_Policy_Statement_for_Consumers_and_Stakeholders-2024-09.pdf\" target=\"_blank\" rel=\"noreferrer noopener\"><strong>EDI Policy Statement for Consumers and Stakeholders<\/strong><\/a>\u202fOC-00-53, 2024-09-04\/\u202f<a href=\"https:\/\/contacthamilton.ca\/app\/uploads\/2025\/11\/OC-00-53-EDI-FR-2024-09.pdf\" target=\"_blank\" rel=\"noreferrer noopener\"><strong>\u00c9nonc\u00e9 de politique sur l\u2019\u00e9quit\u00e9, la diversit\u00e9 et l\u2019inclusion pour les consommateurs et les intervenants<\/strong><\/a>&nbsp;<\/p>\n\n\n\n<p><strong>Contact Hamilton Board of Directors\u202f<\/strong><a href=\"https:\/\/contacthamilton.ca\/app\/uploads\/2025\/11\/E20-Board-of-Directors-Statement-Regarding-Anti-Racism-2021.pdf\" target=\"_blank\" rel=\"noreferrer noopener\"><strong>Statement Regarding Anti-Racism<\/strong><\/a><strong>\u202f \/<\/strong><a href=\"https:\/\/contacthamilton.ca\/app\/uploads\/2025\/11\/E20-Board-of-Directors-Statement-Regarding-Anti-Racism-FRE-2021.pdf\" target=\"_blank\" rel=\"noreferrer noopener\"><strong>\u202fD\u00e9claration du Conseil d&#8217;administration sur la lutte contre le racisme<\/strong><\/a>&nbsp;<\/p>\n\n<\/div>\r\n<\/div>\r\n\r\n  <\/div>\r\n\n<\/div>\r\n<\/div>\r\n\r\n  <\/div>\r\n\n\n<div class=\"alignfull wp-block-container\" id=\"\">\r\n\r\n<div class=\"container\">\r\n  <div class=\"acf-innerblocks-container\">\n\n<p class=\"has-3-xl-font-size\"><strong>Contact Hamilton Consumer and Stakeholder Code of Conduct<\/strong>&nbsp;<\/p>\n\n\n\n<p><a href=\"https:\/\/contacthamilton.ca\/app\/uploads\/2025\/11\/OC-00-22a-Consumer-and-Stakeholder-Code-of-Conduct-Web-Posting.pdf\" target=\"_blank\" rel=\"noreferrer noopener\"><strong>Consumer and Stakeholder Code of Conduct<\/strong><\/a><strong>\u202f<\/strong>OC-00-22a, 2024-08-22\/\u202f<a href=\"https:\/\/contacthamilton.ca\/app\/uploads\/2025\/11\/OC-00-22a-Code-of-Conduct-FR.pdf\" target=\"_blank\" rel=\"noreferrer noopener\"><strong>Code de conduite pour les consommateurs et les intervenants<\/strong><\/a>\u00a0<\/p>\n\n<\/div>\r\n<\/div>\r\n\r\n  <\/div>","protected":false},"excerpt":{"rendered":"","protected":false},"author":1,"featured_media":0,"parent":0,"menu_order":0,"comment_status":"closed","ping_status":"closed","template":"template-no-masthead.blade.php","meta":{"_acf_changed":false,"footnotes":""},"class_list":["post-122","page","type-page","status-publish","hentry"],"acf":[],"_links":{"self":[{"href":"https:\/\/dsohnr.ca\/fr\/wp-json\/wp\/v2\/pages\/122","targetHints":{"allow":["GET"]}}],"collection":[{"href":"https:\/\/dsohnr.ca\/fr\/wp-json\/wp\/v2\/pages"}],"about":[{"href":"https:\/\/dsohnr.ca\/fr\/wp-json\/wp\/v2\/types\/page"}],"author":[{"embeddable":true,"href":"https:\/\/dsohnr.ca\/fr\/wp-json\/wp\/v2\/users\/1"}],"replies":[{"embeddable":true,"href":"https:\/\/dsohnr.ca\/fr\/wp-json\/wp\/v2\/comments?post=122"}],"version-history":[{"count":5,"href":"https:\/\/dsohnr.ca\/fr\/wp-json\/wp\/v2\/pages\/122\/revisions"}],"predecessor-version":[{"id":234,"href":"https:\/\/dsohnr.ca\/fr\/wp-json\/wp\/v2\/pages\/122\/revisions\/234"}],"wp:attachment":[{"href":"https:\/\/dsohnr.ca\/fr\/wp-json\/wp\/v2\/media?parent=122"}],"curies":[{"name":"wp","href":"https:\/\/api.w.org\/{rel}","templated":true}]}}