{"id":2,"date":"2025-04-24T11:40:49","date_gmt":"2025-04-24T15:40:49","guid":{"rendered":"http:\/\/dsohnr.contacthamilton.ca\/?page_id=2"},"modified":"2025-11-07T15:39:28","modified_gmt":"2025-11-07T20:39:28","slug":"sample-page","status":"publish","type":"page","link":"https:\/\/dsohnr.ca\/fr\/","title":{"rendered":"Home"},"content":{"rendered":"<div class=\"alignfull wp-block-masthead is-position-top\" id=\"\">\r\n<div class=\"bg-base-200 py-4 md:py-12 md:bg-linear-to-t md:from-white md:from-[calc(calc(var(--spacing)*12)+30px)] md:to-base-200 to-[calc(calc(var(--spacing)*12)+30px)]\">\r\n  <div class=\"container py-0 flex flex-col md:flex-row md:justify-start md:items-center gap-7\">\r\n          <div class=\"md:min-w-3\/5 relative before:h-0 before:hidden md:before:block before:w-0 before:absolute before:bottom-0 md:before:left-[-20px] md:before:border-t-[30px] before:border-r-0 before:border-b-0 md:before:border-l-[20px] before:border-t-accent before:border-r-transparent before:border-b-transparent before:border-l-transparent before:border-solid\">\r\n                  <img loading=\"lazy\" decoding=\"async\" width=\"713\" height=\"475\" src=\"https:\/\/dsohnr.ca\/app\/uploads\/sites\/2\/2025\/05\/ec050424744a7898f7755f32c19b7408062ac4c4-713x475.webp\" class=\"rounded-3xl rounded-bl-none w-full bg-primary\" alt=\"\" srcset=\"https:\/\/dsohnr.ca\/app\/uploads\/sites\/2\/2025\/05\/ec050424744a7898f7755f32c19b7408062ac4c4-713x475.webp 713w, https:\/\/dsohnr.ca\/app\/uploads\/sites\/2\/2025\/05\/ec050424744a7898f7755f32c19b7408062ac4c4-300x200.webp 300w, https:\/\/dsohnr.ca\/app\/uploads\/sites\/2\/2025\/05\/ec050424744a7898f7755f32c19b7408062ac4c4-1024x683.webp 1024w, https:\/\/dsohnr.ca\/app\/uploads\/sites\/2\/2025\/05\/ec050424744a7898f7755f32c19b7408062ac4c4-768x512.webp 768w, https:\/\/dsohnr.ca\/app\/uploads\/sites\/2\/2025\/05\/ec050424744a7898f7755f32c19b7408062ac4c4.webp 1536w\" sizes=\"auto, (max-width: 713px) 100vw, 713px\" \/>              <\/div>\r\n        <div>\r\n            <div class=\"flex flex-col items-start gap-4\">\r\n        <div class=\"acf-innerblocks-container\">\n\n<h2 class=\"wp-block-heading has-primary-color has-text-color has-link-color has-4-xl-font-size wp-elements-8c2a76933b2a01199043b212ea3b7f67\" style=\"padding-bottom:var(--wp--preset--spacing--20);font-style:normal;font-weight:700\">Welcome to DSO Hamilton-Niagara Region<\/h2>\n\n\n\n<p>The DSO Hamilton-Niagara Region (DSOHNR) supports people with developmental or intellectual disabilities and their families, living in:&nbsp;<\/p>\n\n\n\n<ul class=\"wp-block-list\">\n<li>Hamilton&nbsp;<\/li>\n\n\n\n<li>Niagara&nbsp;<\/li>\n\n\n\n<li>Brant&nbsp;<\/li>\n\n\n\n<li>Haldimand-Norfolk&nbsp;<\/li>\n\n\n\n<li>Six Nations of the Grand River First Nation&nbsp;<\/li>\n\n\n\n<li>Mississaugas of the Credit First Nations&nbsp;<\/li>\n<\/ul>\n\n<\/div>\r\n              <\/div>\r\n    <\/div>\r\n  <\/div>\r\n<\/div>\r\n  <\/div>\r\n\n\n<div class=\"alignfull wp-block-container has-background has-white-background-color\" id=\"\">\r\n\r\n<div class=\"container\">\r\n  <div class=\"acf-innerblocks-container\">\n\n<h2 class=\"wp-block-heading has-primary-color has-text-color has-link-color has-4-xl-font-size wp-elements-3cc8b359e13b7c6358c06eb541b1d095\" style=\"padding-bottom:var(--wp--preset--spacing--50);font-style:normal;font-weight:700\"><div class=\"lead-line\">DSOHNR is administered by Contact Hamilton.<\/div><\/h2>\n\n\n\n<div class=\"wp-block-columns is-layout-flex wp-container-core-columns-is-layout-9d6595d7 wp-block-columns-is-layout-flex\">\n<div class=\"wp-block-column is-layout-flow wp-block-column-is-layout-flow\">\n<p>Developmental Services Ontario (DSO) is the access point for adult developmental services funded by the Ministry of Children, Community and Social Services (MCCSS) in Ontario. There are 9 DSO locations across the province.&nbsp; The 9 DSO organizations do the following:&nbsp;<\/p>\n\n\n\n<ul class=\"wp-block-list\">\n<li>Confirm if a person is eligible for adult developmental services<\/li>\n\n\n\n<li>Help the person understand and complete the application process<\/li>\n\n\n\n<li>Determine the kind of services and supports a person needs<\/li>\n\n\n\n<li>Make referrals and service registration with consent<\/li>\n\n\n\n<li>Update a person\u2019s information as it changes, and update referrals and registrations&nbsp;<\/li>\n<\/ul>\n<\/div>\n\n\n\n<div class=\"wp-block-column is-layout-flow wp-block-column-is-layout-flow\">\n<p>For a fulsome description of DSO organizations, eligibility criteria for MCCSS-funded adult developmental services, and how to find your local DSO organization, please visit the provincial DSO website at <a href=\"https:\/\/www.dsontario.ca\/\" target=\"_blank\" rel=\"noreferrer noopener\">www.dsontario.ca<\/a>.&nbsp;&nbsp;&nbsp;<\/p>\n<\/div>\n<\/div>\n\n\n<div style=\"padding-bottom:var(--wp--preset--spacing--60);\" class=\"align wp-block-image-and-copy\" id=\"\">\r\n  <div class=\"grid gap-4 md:grid-cols-2 md:grid-cols-1\">\r\n          <div class=\"grid place-content-end content-start md:order-2\">\r\n        <img loading=\"lazy\" decoding=\"async\" width=\"563\" height=\"375\" src=\"https:\/\/dsohnr.ca\/app\/uploads\/sites\/2\/2025\/05\/iStock-1044763668-1-563x375.webp\" class=\"rounded-3xl\" alt=\"\" srcset=\"https:\/\/dsohnr.ca\/app\/uploads\/sites\/2\/2025\/05\/iStock-1044763668-1-563x375.webp 563w, https:\/\/dsohnr.ca\/app\/uploads\/sites\/2\/2025\/05\/iStock-1044763668-1-300x200.webp 300w, https:\/\/dsohnr.ca\/app\/uploads\/sites\/2\/2025\/05\/iStock-1044763668-1-1024x683.webp 1024w, https:\/\/dsohnr.ca\/app\/uploads\/sites\/2\/2025\/05\/iStock-1044763668-1-768x512.webp 768w, https:\/\/dsohnr.ca\/app\/uploads\/sites\/2\/2025\/05\/iStock-1044763668-1-1536x1024.webp 1536w, https:\/\/dsohnr.ca\/app\/uploads\/sites\/2\/2025\/05\/iStock-1044763668-1-2048x1365.webp 2048w, https:\/\/dsohnr.ca\/app\/uploads\/sites\/2\/2025\/05\/iStock-1044763668-1-713x475.webp 713w\" sizes=\"auto, (max-width: 563px) 100vw, 563px\" \/>      <\/div>\r\n        <div class=\"content-center\">\r\n      <div class=\"acf-innerblocks-container\">\n\n<h2 class=\"wp-block-heading has-primary-color has-text-color has-link-color has-4-xl-font-size wp-elements-cb918dad5ceb458748ae8510df9e6337\" style=\"font-style:normal;font-weight:700\">DSOHNR Compliance&nbsp;<\/h2>\n\n\n\n<p>All DSO organizations, including ours, must comply with Ministry of Children, Community and Social Services (MCCSS) regulations.&nbsp; DSOHNR is in compliance with MCCSS regulations.&nbsp; To view our most current compliance certificate, please click the link below:&nbsp;&nbsp;<\/p>\n\n\n\n<ul class=\"wp-block-list\">\n<li><a href=\"https:\/\/dsohnr.ca\/fr\/app\/uploads\/sites\/2\/2025\/11\/Compliance-Letter_DSO-Hamilton-Niagara_15Feb23.pdf\/\" target=\"_blank\" rel=\"noreferrer noopener\">DEVELOPMENTAL SERVICES ONTARIO COMPLIANCE<\/a><\/li>\n\n\n\n<li><a href=\"https:\/\/dsohnr.ca\/fr\/app\/uploads\/sites\/2\/2025\/11\/CompLtr_DSO_HNR_Feb-15-2024_FR.pdf\/\" target=\"_blank\" rel=\"noreferrer noopener\">SERVICES DE L\u2019ONTARIO POUR LES PERSONNES AYANT UNE D\u00c9FICIENCE INTELLECTUELLE (SOPDI) \u2013 CONFORMIT\u00c9<\/a>&nbsp;<\/li>\n<\/ul>\n\n<\/div>\r\n    <\/div>\r\n  <\/div>\r\n\r\n  <\/div>\r\n\n\n<div class=\"align wp-block-image-and-copy\" id=\"\">\r\n  <div class=\"grid gap-4 md:grid-cols-2 md:grid-cols-1\">\r\n          <div class=\"grid place-content-start content-center\">\r\n        <img loading=\"lazy\" decoding=\"async\" width=\"600\" height=\"358\" src=\"https:\/\/dsohnr.ca\/app\/uploads\/sites\/2\/2025\/05\/iStock-1319610278-600x358.webp\" class=\"rounded-3xl\" alt=\"\" srcset=\"https:\/\/dsohnr.ca\/app\/uploads\/sites\/2\/2025\/05\/iStock-1319610278-600x358.webp 600w, https:\/\/dsohnr.ca\/app\/uploads\/sites\/2\/2025\/05\/iStock-1319610278-300x179.webp 300w, https:\/\/dsohnr.ca\/app\/uploads\/sites\/2\/2025\/05\/iStock-1319610278-1024x610.webp 1024w, https:\/\/dsohnr.ca\/app\/uploads\/sites\/2\/2025\/05\/iStock-1319610278-768x458.webp 768w, https:\/\/dsohnr.ca\/app\/uploads\/sites\/2\/2025\/05\/iStock-1319610278-1536x916.webp 1536w, https:\/\/dsohnr.ca\/app\/uploads\/sites\/2\/2025\/05\/iStock-1319610278-2048x1221.webp 2048w, https:\/\/dsohnr.ca\/app\/uploads\/sites\/2\/2025\/05\/iStock-1319610278-713x425.webp 713w\" sizes=\"auto, (max-width: 600px) 100vw, 600px\" \/>      <\/div>\r\n        <div class=\"content-center\">\r\n      <div class=\"acf-innerblocks-container\">\n\n<h2 class=\"wp-block-heading has-primary-color has-text-color has-link-color has-4-xl-font-size wp-elements-d6ef212e4ecc3b96e569270f5bdbac8a\" style=\"font-style:normal;font-weight:700\">DSOHNR Statement of Rights&nbsp;<\/h2>\n\n\n\n<p>People seeking services from all DSO organizations, including ours, have rights.&nbsp; To view the DSOHNR\u2019s Statement of Rights for people seeking services, please click the link below:&nbsp;&nbsp;<\/p>\n\n\n\n<ul class=\"wp-block-list\">\n<li><a href=\"https:\/\/dsohnr.ca\/wp-content\/uploads\/2025\/10\/Statement-of-Rights.pdf\" target=\"_blank\" rel=\"noreferrer noopener\">Statement of Rights<\/a>\u202f(OC-00-17a 2025\/09\/11)<\/li>\n\n\n\n<li><a href=\"https:\/\/dsohnr.ca\/fr\/app\/uploads\/sites\/2\/2025\/11\/Statement-of-Rights-FRE-2025.pdf\/\" target=\"_blank\" rel=\"noreferrer noopener\">\u00c9nonc\u00e9 des droits des personnes \u00e0 la recherche de service<\/a><a href=\"https:\/\/dsohnr.ca\/wp-content\/uploads\/2024\/10\/Statement-of-RightsFR.pdf\" target=\"_blank\" rel=\"noreferrer noopener\">s<\/a>\u202f (OC-00-17aFR 2025\/09\/11)\u00a0<\/li>\n<\/ul>\n\n<\/div>\r\n    <\/div>\r\n  <\/div>\r\n\r\n  <\/div>\r\n\n<\/div>\r\n<\/div>\r\n\r\n  <\/div>\r\n\n\n\n<p><\/p>","protected":false},"excerpt":{"rendered":"","protected":false},"author":1,"featured_media":25,"parent":0,"menu_order":0,"comment_status":"closed","ping_status":"open","template":"","meta":{"_acf_changed":false,"footnotes":""},"class_list":["post-2","page","type-page","status-publish","has-post-thumbnail","hentry"],"acf":[],"_links":{"self":[{"href":"https:\/\/dsohnr.ca\/fr\/wp-json\/wp\/v2\/pages\/2","targetHints":{"allow":["GET"]}}],"collection":[{"href":"https:\/\/dsohnr.ca\/fr\/wp-json\/wp\/v2\/pages"}],"about":[{"href":"https:\/\/dsohnr.ca\/fr\/wp-json\/wp\/v2\/types\/page"}],"author":[{"embeddable":true,"href":"https:\/\/dsohnr.ca\/fr\/wp-json\/wp\/v2\/users\/1"}],"replies":[{"embeddable":true,"href":"https:\/\/dsohnr.ca\/fr\/wp-json\/wp\/v2\/comments?post=2"}],"version-history":[{"count":23,"href":"https:\/\/dsohnr.ca\/fr\/wp-json\/wp\/v2\/pages\/2\/revisions"}],"predecessor-version":[{"id":236,"href":"https:\/\/dsohnr.ca\/fr\/wp-json\/wp\/v2\/pages\/2\/revisions\/236"}],"wp:featuredmedia":[{"embeddable":true,"href":"https:\/\/dsohnr.ca\/fr\/wp-json\/wp\/v2\/media\/25"}],"wp:attachment":[{"href":"https:\/\/dsohnr.ca\/fr\/wp-json\/wp\/v2\/media?parent=2"}],"curies":[{"name":"wp","href":"https:\/\/api.w.org\/{rel}","templated":true}]}}